{"id":94697,"date":"2022-11-20T14:22:31","date_gmt":"2022-11-20T14:22:31","guid":{"rendered":"https:\/\/retrotorque.com\/in-gear\/tools-equipment\/product\/great-deals-diy-professional\/uncategorized\/sealey-vs162-cylinder-3-leg-glaze-breaker\/"},"modified":"2022-11-20T14:22:52","modified_gmt":"2022-11-20T14:22:52","slug":"sealey-vs162-cylinder-3-leg-glaze-breaker","status":"publish","type":"product","link":"https:\/\/retrotorque.com\/in-gear\/tools-equipment\/product\/great-deals-diy-professional\/automotive-tools\/vehicle-repairs-servicing\/engine-overhaul-tools\/sealey-vs162-cylinder-3-leg-glaze-breaker\/","title":{"rendered":"Sealey VS162 Cylinder 3 Leg Glaze Breaker"},"content":{"rendered":"<p>For removal of heat glaze and carbon deposits on cylinder walls. Fitted with 75mm, medium grade cutting stones and suitable for cylinders up to \u00d8175mm. Range collar adjusts arm travel between \u00d850mm and \u00d8100mm or \u00d8100mm and \u00d8175mm. Adjustable spring t&#8230;<\/p>\n","protected":false},"excerpt":{"rendered":"<p>For removal of heat glaze and carbon deposits on cylinder walls. Fitted with 75mm, medium grade cutting stones and suitable for cylinders up to \u00d8175mm. Range collar adjusts arm travel between \u00d850mm and \u00d8100mm or \u00d8100mm and \u00d8175mm. Adjustable spring t&#8230;<\/p>\n","protected":false},"featured_media":94698,"comment_status":"closed","ping_status":"open","template":"","meta":{"_acf_changed":false},"product_brand":[],"product_cat":[1182,1297,1187],"product_tag":[],"class_list":{"0":"post-94697","1":"product","2":"type-product","3":"status-publish","4":"has-post-thumbnail","6":"product_cat-automotive-tools","7":"product_cat-engine-overhaul-tools","8":"product_cat-vehicle-repairs-servicing","9":"pa_brand-sealey","10":"pa_merchant-tooled-up","12":"first","13":"instock","14":"product-type-external"},"acf":[],"yoast_head":"<!-- This site is optimized with the Yoast SEO Premium plugin v19.5 (Yoast SEO v25.6) - https:\/\/yoast.com\/wordpress\/plugins\/seo\/ -->\n<title>Sealey VS162 Cylinder 3 Leg Glaze Breaker &#8211; RetroTorque: Tools &amp; Equipment<\/title>\n<meta name=\"robots\" content=\"index, follow, max-snippet:-1, max-image-preview:large, max-video-preview:-1\" \/>\n<link rel=\"canonical\" href=\"https:\/\/retrotorque.com\/in-gear\/tools-equipment\/product\/great-deals-diy-professional\/automotive-tools\/vehicle-repairs-servicing\/engine-overhaul-tools\/sealey-vs162-cylinder-3-leg-glaze-breaker\/\" \/>\n<meta property=\"og:locale\" content=\"en_US\" \/>\n<meta property=\"og:type\" content=\"article\" \/>\n<meta property=\"og:title\" content=\"Sealey VS162 Cylinder 3 Leg Glaze Breaker\" \/>\n<meta property=\"og:description\" content=\"For removal of heat glaze and carbon deposits on cylinder walls. Fitted with 75mm, medium grade cutting stones and suitable for cylinders up to \u00d8175mm. Range collar adjusts arm travel between \u00d850mm and \u00d8100mm or \u00d8100mm and \u00d8175mm. Adjustable spring t&#8230;\" \/>\n<meta property=\"og:url\" content=\"https:\/\/retrotorque.com\/in-gear\/tools-equipment\/product\/great-deals-diy-professional\/automotive-tools\/vehicle-repairs-servicing\/engine-overhaul-tools\/sealey-vs162-cylinder-3-leg-glaze-breaker\/\" \/>\n<meta property=\"og:site_name\" content=\"RetroTorque: Tools &amp; Equipment\" \/>\n<meta property=\"article:publisher\" content=\"https:\/\/facebook.com\/RetroTorque\" \/>\n<meta property=\"article:modified_time\" content=\"2022-11-20T14:22:52+00:00\" \/>\n<meta property=\"og:image\" content=\"https:\/\/retrotorque.com\/in-gear\/tools-equipment\/wp-content\/uploads\/sites\/7\/VS162.png\" \/>\n\t<meta property=\"og:image:width\" content=\"1148\" \/>\n\t<meta property=\"og:image:height\" content=\"1148\" \/>\n\t<meta property=\"og:image:type\" content=\"image\/png\" \/>\n<meta name=\"twitter:card\" content=\"summary_large_image\" \/>\n<meta name=\"twitter:site\" content=\"@RetroTorque\" \/>\n<meta name=\"twitter:label1\" content=\"Price\" \/>\n\t<meta name=\"twitter:data1\" content=\"&pound;40.95\" \/>\n\t<meta name=\"twitter:label2\" content=\"Availability\" \/>\n\t<meta name=\"twitter:data2\" content=\"In stock\" \/>\n<script type=\"application\/ld+json\" class=\"yoast-schema-graph\">{\"@context\":\"https:\/\/schema.org\",\"@graph\":[{\"@type\":\"WebPage\",\"@id\":\"https:\/\/retrotorque.com\/in-gear\/tools-equipment\/product\/great-deals-diy-professional\/automotive-tools\/vehicle-repairs-servicing\/engine-overhaul-tools\/sealey-vs162-cylinder-3-leg-glaze-breaker\/\",\"url\":\"https:\/\/retrotorque.com\/in-gear\/tools-equipment\/product\/great-deals-diy-professional\/automotive-tools\/vehicle-repairs-servicing\/engine-overhaul-tools\/sealey-vs162-cylinder-3-leg-glaze-breaker\/\",\"name\":\"Sealey VS162 Cylinder 3 Leg Glaze Breaker &#8211; RetroTorque: Tools & Equipment\",\"isPartOf\":{\"@id\":\"https:\/\/retrotorque.com\/in-gear\/tools-equipment\/#website\"},\"primaryImageOfPage\":{\"@id\":\"https:\/\/retrotorque.com\/in-gear\/tools-equipment\/product\/great-deals-diy-professional\/automotive-tools\/vehicle-repairs-servicing\/engine-overhaul-tools\/sealey-vs162-cylinder-3-leg-glaze-breaker\/#primaryimage\"},\"image\":{\"@id\":\"https:\/\/retrotorque.com\/in-gear\/tools-equipment\/product\/great-deals-diy-professional\/automotive-tools\/vehicle-repairs-servicing\/engine-overhaul-tools\/sealey-vs162-cylinder-3-leg-glaze-breaker\/#primaryimage\"},\"thumbnailUrl\":\"https:\/\/retrotorque.com\/in-gear\/tools-equipment\/wp-content\/uploads\/sites\/7\/VS162.png\",\"datePublished\":\"2022-11-20T14:22:31+00:00\",\"dateModified\":\"2022-11-20T14:22:52+00:00\",\"breadcrumb\":{\"@id\":\"https:\/\/retrotorque.com\/in-gear\/tools-equipment\/product\/great-deals-diy-professional\/automotive-tools\/vehicle-repairs-servicing\/engine-overhaul-tools\/sealey-vs162-cylinder-3-leg-glaze-breaker\/#breadcrumb\"},\"inLanguage\":\"en-US\",\"potentialAction\":[{\"@type\":\"ReadAction\",\"target\":[\"https:\/\/retrotorque.com\/in-gear\/tools-equipment\/product\/great-deals-diy-professional\/automotive-tools\/vehicle-repairs-servicing\/engine-overhaul-tools\/sealey-vs162-cylinder-3-leg-glaze-breaker\/\"]}]},{\"@type\":\"ImageObject\",\"inLanguage\":\"en-US\",\"@id\":\"https:\/\/retrotorque.com\/in-gear\/tools-equipment\/product\/great-deals-diy-professional\/automotive-tools\/vehicle-repairs-servicing\/engine-overhaul-tools\/sealey-vs162-cylinder-3-leg-glaze-breaker\/#primaryimage\",\"url\":\"https:\/\/retrotorque.com\/in-gear\/tools-equipment\/wp-content\/uploads\/sites\/7\/VS162.png\",\"contentUrl\":\"https:\/\/retrotorque.com\/in-gear\/tools-equipment\/wp-content\/uploads\/sites\/7\/VS162.png\",\"width\":1148,\"height\":1148,\"caption\":\"Sealey VS162 Cylinder 3 Leg Glaze Breaker\"},{\"@type\":\"BreadcrumbList\",\"@id\":\"https:\/\/retrotorque.com\/in-gear\/tools-equipment\/product\/great-deals-diy-professional\/automotive-tools\/vehicle-repairs-servicing\/engine-overhaul-tools\/sealey-vs162-cylinder-3-leg-glaze-breaker\/#breadcrumb\",\"itemListElement\":[{\"@type\":\"ListItem\",\"position\":1,\"name\":\"Home\",\"item\":\"https:\/\/retrotorque.com\/in-gear\/tools-equipment\/\"},{\"@type\":\"ListItem\",\"position\":2,\"name\":\"Shop\",\"item\":\"https:\/\/retrotorque.com\/in-gear\/tools-equipment\/\"},{\"@type\":\"ListItem\",\"position\":3,\"name\":\"Sealey VS162 Cylinder 3 Leg Glaze Breaker\"}]},{\"@type\":\"WebSite\",\"@id\":\"https:\/\/retrotorque.com\/in-gear\/tools-equipment\/#website\",\"url\":\"https:\/\/retrotorque.com\/in-gear\/tools-equipment\/\",\"name\":\"RetroToque Tools & Equipment\",\"description\":\"RetroTorque In-Gear\",\"publisher\":{\"@id\":\"https:\/\/retrotorque.com\/in-gear\/tools-equipment\/#organization\"},\"potentialAction\":[{\"@type\":\"SearchAction\",\"target\":{\"@type\":\"EntryPoint\",\"urlTemplate\":\"https:\/\/retrotorque.com\/in-gear\/tools-equipment\/?s={search_term_string}\"},\"query-input\":{\"@type\":\"PropertyValueSpecification\",\"valueRequired\":true,\"valueName\":\"search_term_string\"}}],\"inLanguage\":\"en-US\"},{\"@type\":\"Organization\",\"@id\":\"https:\/\/retrotorque.com\/in-gear\/tools-equipment\/#organization\",\"name\":\"RetroTorque Tools & Equipment\",\"url\":\"https:\/\/retrotorque.com\/in-gear\/tools-equipment\/\",\"logo\":{\"@type\":\"ImageObject\",\"inLanguage\":\"en-US\",\"@id\":\"https:\/\/retrotorque.com\/in-gear\/tools-equipment\/#\/schema\/logo\/image\/\",\"url\":\"https:\/\/retrotorque.com\/in-gear\/tools-equipment\/wp-content\/uploads\/sites\/7\/93426a999fdb12798e48bf2fc7072a4b.png\",\"contentUrl\":\"https:\/\/retrotorque.com\/in-gear\/tools-equipment\/wp-content\/uploads\/sites\/7\/93426a999fdb12798e48bf2fc7072a4b.png\",\"width\":1480,\"height\":715,\"caption\":\"RetroTorque Tools & Equipment\"},\"image\":{\"@id\":\"https:\/\/retrotorque.com\/in-gear\/tools-equipment\/#\/schema\/logo\/image\/\"},\"sameAs\":[\"https:\/\/facebook.com\/RetroTorque\",\"https:\/\/x.com\/RetroTorque\"]}]}<\/script>\n<meta property=\"product:brand\" content=\"Sealey\" \/>\n<meta property=\"product:price:amount\" content=\"40.95\" \/>\n<meta property=\"product:price:currency\" content=\"GBP\" \/>\n<meta property=\"og:availability\" content=\"instock\" \/>\n<meta property=\"product:availability\" content=\"instock\" \/>\n<meta property=\"product:condition\" content=\"new\" \/>\n<!-- \/ Yoast SEO Premium plugin. -->","yoast_head_json":{"title":"Sealey VS162 Cylinder 3 Leg Glaze Breaker &#8211; RetroTorque: Tools & Equipment","robots":{"index":"index","follow":"follow","max-snippet":"max-snippet:-1","max-image-preview":"max-image-preview:large","max-video-preview":"max-video-preview:-1"},"canonical":"https:\/\/retrotorque.com\/in-gear\/tools-equipment\/product\/great-deals-diy-professional\/automotive-tools\/vehicle-repairs-servicing\/engine-overhaul-tools\/sealey-vs162-cylinder-3-leg-glaze-breaker\/","og_locale":"en_US","og_type":"article","og_title":"Sealey VS162 Cylinder 3 Leg Glaze Breaker","og_description":"For removal of heat glaze and carbon deposits on cylinder walls. Fitted with 75mm, medium grade cutting stones and suitable for cylinders up to \u00d8175mm. Range collar adjusts arm travel between \u00d850mm and \u00d8100mm or \u00d8100mm and \u00d8175mm. Adjustable spring t&#8230;","og_url":"https:\/\/retrotorque.com\/in-gear\/tools-equipment\/product\/great-deals-diy-professional\/automotive-tools\/vehicle-repairs-servicing\/engine-overhaul-tools\/sealey-vs162-cylinder-3-leg-glaze-breaker\/","og_site_name":"RetroTorque: Tools & Equipment","article_publisher":"https:\/\/facebook.com\/RetroTorque","article_modified_time":"2022-11-20T14:22:52+00:00","og_image":[{"width":1148,"height":1148,"url":"https:\/\/retrotorque.com\/in-gear\/tools-equipment\/wp-content\/uploads\/sites\/7\/VS162.png","type":"image\/png"}],"twitter_card":"summary_large_image","twitter_site":"@RetroTorque","twitter_misc":{"Price":"&pound;40.95","Availability":"In stock"},"schema":{"@context":"https:\/\/schema.org","@graph":[{"@type":"WebPage","@id":"https:\/\/retrotorque.com\/in-gear\/tools-equipment\/product\/great-deals-diy-professional\/automotive-tools\/vehicle-repairs-servicing\/engine-overhaul-tools\/sealey-vs162-cylinder-3-leg-glaze-breaker\/","url":"https:\/\/retrotorque.com\/in-gear\/tools-equipment\/product\/great-deals-diy-professional\/automotive-tools\/vehicle-repairs-servicing\/engine-overhaul-tools\/sealey-vs162-cylinder-3-leg-glaze-breaker\/","name":"Sealey VS162 Cylinder 3 Leg Glaze Breaker &#8211; RetroTorque: Tools & Equipment","isPartOf":{"@id":"https:\/\/retrotorque.com\/in-gear\/tools-equipment\/#website"},"primaryImageOfPage":{"@id":"https:\/\/retrotorque.com\/in-gear\/tools-equipment\/product\/great-deals-diy-professional\/automotive-tools\/vehicle-repairs-servicing\/engine-overhaul-tools\/sealey-vs162-cylinder-3-leg-glaze-breaker\/#primaryimage"},"image":{"@id":"https:\/\/retrotorque.com\/in-gear\/tools-equipment\/product\/great-deals-diy-professional\/automotive-tools\/vehicle-repairs-servicing\/engine-overhaul-tools\/sealey-vs162-cylinder-3-leg-glaze-breaker\/#primaryimage"},"thumbnailUrl":"https:\/\/retrotorque.com\/in-gear\/tools-equipment\/wp-content\/uploads\/sites\/7\/VS162.png","datePublished":"2022-11-20T14:22:31+00:00","dateModified":"2022-11-20T14:22:52+00:00","breadcrumb":{"@id":"https:\/\/retrotorque.com\/in-gear\/tools-equipment\/product\/great-deals-diy-professional\/automotive-tools\/vehicle-repairs-servicing\/engine-overhaul-tools\/sealey-vs162-cylinder-3-leg-glaze-breaker\/#breadcrumb"},"inLanguage":"en-US","potentialAction":[{"@type":"ReadAction","target":["https:\/\/retrotorque.com\/in-gear\/tools-equipment\/product\/great-deals-diy-professional\/automotive-tools\/vehicle-repairs-servicing\/engine-overhaul-tools\/sealey-vs162-cylinder-3-leg-glaze-breaker\/"]}]},{"@type":"ImageObject","inLanguage":"en-US","@id":"https:\/\/retrotorque.com\/in-gear\/tools-equipment\/product\/great-deals-diy-professional\/automotive-tools\/vehicle-repairs-servicing\/engine-overhaul-tools\/sealey-vs162-cylinder-3-leg-glaze-breaker\/#primaryimage","url":"https:\/\/retrotorque.com\/in-gear\/tools-equipment\/wp-content\/uploads\/sites\/7\/VS162.png","contentUrl":"https:\/\/retrotorque.com\/in-gear\/tools-equipment\/wp-content\/uploads\/sites\/7\/VS162.png","width":1148,"height":1148,"caption":"Sealey VS162 Cylinder 3 Leg Glaze Breaker"},{"@type":"BreadcrumbList","@id":"https:\/\/retrotorque.com\/in-gear\/tools-equipment\/product\/great-deals-diy-professional\/automotive-tools\/vehicle-repairs-servicing\/engine-overhaul-tools\/sealey-vs162-cylinder-3-leg-glaze-breaker\/#breadcrumb","itemListElement":[{"@type":"ListItem","position":1,"name":"Home","item":"https:\/\/retrotorque.com\/in-gear\/tools-equipment\/"},{"@type":"ListItem","position":2,"name":"Shop","item":"https:\/\/retrotorque.com\/in-gear\/tools-equipment\/"},{"@type":"ListItem","position":3,"name":"Sealey VS162 Cylinder 3 Leg Glaze Breaker"}]},{"@type":"WebSite","@id":"https:\/\/retrotorque.com\/in-gear\/tools-equipment\/#website","url":"https:\/\/retrotorque.com\/in-gear\/tools-equipment\/","name":"RetroToque Tools & Equipment","description":"RetroTorque In-Gear","publisher":{"@id":"https:\/\/retrotorque.com\/in-gear\/tools-equipment\/#organization"},"potentialAction":[{"@type":"SearchAction","target":{"@type":"EntryPoint","urlTemplate":"https:\/\/retrotorque.com\/in-gear\/tools-equipment\/?s={search_term_string}"},"query-input":{"@type":"PropertyValueSpecification","valueRequired":true,"valueName":"search_term_string"}}],"inLanguage":"en-US"},{"@type":"Organization","@id":"https:\/\/retrotorque.com\/in-gear\/tools-equipment\/#organization","name":"RetroTorque Tools & Equipment","url":"https:\/\/retrotorque.com\/in-gear\/tools-equipment\/","logo":{"@type":"ImageObject","inLanguage":"en-US","@id":"https:\/\/retrotorque.com\/in-gear\/tools-equipment\/#\/schema\/logo\/image\/","url":"https:\/\/retrotorque.com\/in-gear\/tools-equipment\/wp-content\/uploads\/sites\/7\/93426a999fdb12798e48bf2fc7072a4b.png","contentUrl":"https:\/\/retrotorque.com\/in-gear\/tools-equipment\/wp-content\/uploads\/sites\/7\/93426a999fdb12798e48bf2fc7072a4b.png","width":1480,"height":715,"caption":"RetroTorque Tools & Equipment"},"image":{"@id":"https:\/\/retrotorque.com\/in-gear\/tools-equipment\/#\/schema\/logo\/image\/"},"sameAs":["https:\/\/facebook.com\/RetroTorque","https:\/\/x.com\/RetroTorque"]}]},"product_brand":"Sealey","product_price_amount":"40.95","product_price_currency":"GBP","og_availability":"instock","product_availability":"instock","product_condition":"new"},"_links":{"self":[{"href":"https:\/\/retrotorque.com\/in-gear\/tools-equipment\/wp-json\/wp\/v2\/product\/94697"}],"collection":[{"href":"https:\/\/retrotorque.com\/in-gear\/tools-equipment\/wp-json\/wp\/v2\/product"}],"about":[{"href":"https:\/\/retrotorque.com\/in-gear\/tools-equipment\/wp-json\/wp\/v2\/types\/product"}],"replies":[{"embeddable":true,"href":"https:\/\/retrotorque.com\/in-gear\/tools-equipment\/wp-json\/wp\/v2\/comments?post=94697"}],"version-history":[{"count":0,"href":"https:\/\/retrotorque.com\/in-gear\/tools-equipment\/wp-json\/wp\/v2\/product\/94697\/revisions"}],"wp:featuredmedia":[{"embeddable":true,"href":"https:\/\/retrotorque.com\/in-gear\/tools-equipment\/wp-json\/wp\/v2\/media\/94698"}],"wp:attachment":[{"href":"https:\/\/retrotorque.com\/in-gear\/tools-equipment\/wp-json\/wp\/v2\/media?parent=94697"}],"wp:term":[{"taxonomy":"product_brand","embeddable":true,"href":"https:\/\/retrotorque.com\/in-gear\/tools-equipment\/wp-json\/wp\/v2\/product_brand?post=94697"},{"taxonomy":"product_cat","embeddable":true,"href":"https:\/\/retrotorque.com\/in-gear\/tools-equipment\/wp-json\/wp\/v2\/product_cat?post=94697"},{"taxonomy":"product_tag","embeddable":true,"href":"https:\/\/retrotorque.com\/in-gear\/tools-equipment\/wp-json\/wp\/v2\/product_tag?post=94697"}],"curies":[{"name":"wp","href":"https:\/\/api.w.org\/{rel}","templated":true}]}}