{"id":96416,"date":"2022-11-20T15:17:36","date_gmt":"2022-11-20T15:17:36","guid":{"rendered":"https:\/\/retrotorque.com\/in-gear\/tools-equipment\/product\/great-deals-diy-professional\/uncategorized\/sealey-ak466d-oil-drainer-mobile-240v\/"},"modified":"2022-11-20T15:17:37","modified_gmt":"2022-11-20T15:17:37","slug":"sealey-ak466d-oil-drainer-mobile-240v","status":"publish","type":"product","link":"https:\/\/retrotorque.com\/in-gear\/tools-equipment\/product\/great-deals-diy-professional\/automotive-tools\/lubrication-drainage\/oil-drainers-lubrication-drainage\/sealey-ak466d-oil-drainer-mobile-240v\/","title":{"rendered":"Sealey AK466D Oil Drainer Mobile 240v"},"content":{"rendered":"<p>Mobile oil drainer designed to extract oil via the dipstick tube. 12L Capacity tank allows easy collection and safe disposal of waste oil. Supplied with two 650mm long flexible probes in \u00d85mm and \u00d88mm diameters. Two 800mm rigid brass probes with \u00d86mm&#8230;<\/p>\n","protected":false},"excerpt":{"rendered":"<p>Mobile oil drainer designed to extract oil via the dipstick tube. 12L Capacity tank allows easy collection and safe disposal of waste oil. Supplied with two 650mm long flexible probes in \u00d85mm and \u00d88mm diameters. Two 800mm rigid brass probes with \u00d86mm&#8230;<\/p>\n","protected":false},"featured_media":0,"comment_status":"closed","ping_status":"open","template":"","meta":{"_acf_changed":false},"product_brand":[],"product_cat":[1182,1214,1317],"product_tag":[],"class_list":{"0":"post-96416","1":"product","2":"type-product","3":"status-publish","5":"product_cat-automotive-tools","6":"product_cat-lubrication-drainage","7":"product_cat-oil-drainers-lubrication-drainage","8":"pa_brand-sealey","9":"pa_merchant-tooled-up","11":"first","12":"instock","13":"product-type-external"},"acf":[],"yoast_head":"<!-- This site is optimized with the Yoast SEO Premium plugin v19.5 (Yoast SEO v25.6) - https:\/\/yoast.com\/wordpress\/plugins\/seo\/ -->\n<title>Sealey AK466D Oil Drainer Mobile 240v &#8211; RetroTorque: Tools &amp; Equipment<\/title>\n<meta name=\"robots\" content=\"index, follow, max-snippet:-1, max-image-preview:large, max-video-preview:-1\" \/>\n<link rel=\"canonical\" href=\"https:\/\/retrotorque.com\/in-gear\/tools-equipment\/product\/great-deals-diy-professional\/automotive-tools\/lubrication-drainage\/oil-drainers-lubrication-drainage\/sealey-ak466d-oil-drainer-mobile-240v\/\" \/>\n<meta property=\"og:locale\" content=\"en_US\" \/>\n<meta property=\"og:type\" content=\"article\" \/>\n<meta property=\"og:title\" content=\"Sealey AK466D Oil Drainer Mobile 240v\" \/>\n<meta property=\"og:description\" content=\"Mobile oil drainer designed to extract oil via the dipstick tube. 12L Capacity tank allows easy collection and safe disposal of waste oil. Supplied with two 650mm long flexible probes in \u00d85mm and \u00d88mm diameters. Two 800mm rigid brass probes with \u00d86mm&#8230;\" \/>\n<meta property=\"og:url\" content=\"https:\/\/retrotorque.com\/in-gear\/tools-equipment\/product\/great-deals-diy-professional\/automotive-tools\/lubrication-drainage\/oil-drainers-lubrication-drainage\/sealey-ak466d-oil-drainer-mobile-240v\/\" \/>\n<meta property=\"og:site_name\" content=\"RetroTorque: Tools &amp; Equipment\" \/>\n<meta property=\"article:publisher\" content=\"https:\/\/facebook.com\/RetroTorque\" \/>\n<meta property=\"article:modified_time\" content=\"2022-11-20T15:17:37+00:00\" \/>\n<meta property=\"og:image\" content=\"https:\/\/retrotorque.com\/in-gear\/tools-equipment\/wp-content\/uploads\/sites\/7\/93426a999fdb12798e48bf2fc7072a4b.png\" \/>\n\t<meta property=\"og:image:width\" content=\"1480\" \/>\n\t<meta property=\"og:image:height\" content=\"715\" \/>\n\t<meta property=\"og:image:type\" content=\"image\/png\" \/>\n<meta name=\"twitter:card\" content=\"summary_large_image\" \/>\n<meta name=\"twitter:site\" content=\"@RetroTorque\" \/>\n<meta name=\"twitter:label1\" content=\"Price\" \/>\n\t<meta name=\"twitter:data1\" content=\"&pound;892.95\" \/>\n\t<meta name=\"twitter:label2\" content=\"Availability\" \/>\n\t<meta name=\"twitter:data2\" content=\"In stock\" \/>\n<script type=\"application\/ld+json\" class=\"yoast-schema-graph\">{\"@context\":\"https:\/\/schema.org\",\"@graph\":[{\"@type\":\"WebPage\",\"@id\":\"https:\/\/retrotorque.com\/in-gear\/tools-equipment\/product\/great-deals-diy-professional\/automotive-tools\/lubrication-drainage\/oil-drainers-lubrication-drainage\/sealey-ak466d-oil-drainer-mobile-240v\/\",\"url\":\"https:\/\/retrotorque.com\/in-gear\/tools-equipment\/product\/great-deals-diy-professional\/automotive-tools\/lubrication-drainage\/oil-drainers-lubrication-drainage\/sealey-ak466d-oil-drainer-mobile-240v\/\",\"name\":\"Sealey AK466D Oil Drainer Mobile 240v &#8211; RetroTorque: Tools & Equipment\",\"isPartOf\":{\"@id\":\"https:\/\/retrotorque.com\/in-gear\/tools-equipment\/#website\"},\"datePublished\":\"2022-11-20T15:17:36+00:00\",\"dateModified\":\"2022-11-20T15:17:37+00:00\",\"breadcrumb\":{\"@id\":\"https:\/\/retrotorque.com\/in-gear\/tools-equipment\/product\/great-deals-diy-professional\/automotive-tools\/lubrication-drainage\/oil-drainers-lubrication-drainage\/sealey-ak466d-oil-drainer-mobile-240v\/#breadcrumb\"},\"inLanguage\":\"en-US\",\"potentialAction\":[{\"@type\":\"ReadAction\",\"target\":[\"https:\/\/retrotorque.com\/in-gear\/tools-equipment\/product\/great-deals-diy-professional\/automotive-tools\/lubrication-drainage\/oil-drainers-lubrication-drainage\/sealey-ak466d-oil-drainer-mobile-240v\/\"]}]},{\"@type\":\"BreadcrumbList\",\"@id\":\"https:\/\/retrotorque.com\/in-gear\/tools-equipment\/product\/great-deals-diy-professional\/automotive-tools\/lubrication-drainage\/oil-drainers-lubrication-drainage\/sealey-ak466d-oil-drainer-mobile-240v\/#breadcrumb\",\"itemListElement\":[{\"@type\":\"ListItem\",\"position\":1,\"name\":\"Home\",\"item\":\"https:\/\/retrotorque.com\/in-gear\/tools-equipment\/\"},{\"@type\":\"ListItem\",\"position\":2,\"name\":\"Shop\",\"item\":\"https:\/\/retrotorque.com\/in-gear\/tools-equipment\/\"},{\"@type\":\"ListItem\",\"position\":3,\"name\":\"Sealey AK466D Oil Drainer Mobile 240v\"}]},{\"@type\":\"WebSite\",\"@id\":\"https:\/\/retrotorque.com\/in-gear\/tools-equipment\/#website\",\"url\":\"https:\/\/retrotorque.com\/in-gear\/tools-equipment\/\",\"name\":\"RetroToque Tools & Equipment\",\"description\":\"RetroTorque In-Gear\",\"publisher\":{\"@id\":\"https:\/\/retrotorque.com\/in-gear\/tools-equipment\/#organization\"},\"potentialAction\":[{\"@type\":\"SearchAction\",\"target\":{\"@type\":\"EntryPoint\",\"urlTemplate\":\"https:\/\/retrotorque.com\/in-gear\/tools-equipment\/?s={search_term_string}\"},\"query-input\":{\"@type\":\"PropertyValueSpecification\",\"valueRequired\":true,\"valueName\":\"search_term_string\"}}],\"inLanguage\":\"en-US\"},{\"@type\":\"Organization\",\"@id\":\"https:\/\/retrotorque.com\/in-gear\/tools-equipment\/#organization\",\"name\":\"RetroTorque Tools & Equipment\",\"url\":\"https:\/\/retrotorque.com\/in-gear\/tools-equipment\/\",\"logo\":{\"@type\":\"ImageObject\",\"inLanguage\":\"en-US\",\"@id\":\"https:\/\/retrotorque.com\/in-gear\/tools-equipment\/#\/schema\/logo\/image\/\",\"url\":\"https:\/\/retrotorque.com\/in-gear\/tools-equipment\/wp-content\/uploads\/sites\/7\/93426a999fdb12798e48bf2fc7072a4b.png\",\"contentUrl\":\"https:\/\/retrotorque.com\/in-gear\/tools-equipment\/wp-content\/uploads\/sites\/7\/93426a999fdb12798e48bf2fc7072a4b.png\",\"width\":1480,\"height\":715,\"caption\":\"RetroTorque Tools & Equipment\"},\"image\":{\"@id\":\"https:\/\/retrotorque.com\/in-gear\/tools-equipment\/#\/schema\/logo\/image\/\"},\"sameAs\":[\"https:\/\/facebook.com\/RetroTorque\",\"https:\/\/x.com\/RetroTorque\"]}]}<\/script>\n<meta property=\"product:brand\" content=\"Sealey\" \/>\n<meta property=\"product:price:amount\" content=\"892.95\" \/>\n<meta property=\"product:price:currency\" content=\"GBP\" \/>\n<meta property=\"og:availability\" content=\"instock\" \/>\n<meta property=\"product:availability\" content=\"instock\" \/>\n<meta property=\"product:condition\" content=\"new\" \/>\n<!-- \/ Yoast SEO Premium plugin. -->","yoast_head_json":{"title":"Sealey AK466D Oil Drainer Mobile 240v &#8211; RetroTorque: Tools & Equipment","robots":{"index":"index","follow":"follow","max-snippet":"max-snippet:-1","max-image-preview":"max-image-preview:large","max-video-preview":"max-video-preview:-1"},"canonical":"https:\/\/retrotorque.com\/in-gear\/tools-equipment\/product\/great-deals-diy-professional\/automotive-tools\/lubrication-drainage\/oil-drainers-lubrication-drainage\/sealey-ak466d-oil-drainer-mobile-240v\/","og_locale":"en_US","og_type":"article","og_title":"Sealey AK466D Oil Drainer Mobile 240v","og_description":"Mobile oil drainer designed to extract oil via the dipstick tube. 12L Capacity tank allows easy collection and safe disposal of waste oil. Supplied with two 650mm long flexible probes in \u00d85mm and \u00d88mm diameters. Two 800mm rigid brass probes with \u00d86mm&#8230;","og_url":"https:\/\/retrotorque.com\/in-gear\/tools-equipment\/product\/great-deals-diy-professional\/automotive-tools\/lubrication-drainage\/oil-drainers-lubrication-drainage\/sealey-ak466d-oil-drainer-mobile-240v\/","og_site_name":"RetroTorque: Tools & Equipment","article_publisher":"https:\/\/facebook.com\/RetroTorque","article_modified_time":"2022-11-20T15:17:37+00:00","og_image":[{"width":1480,"height":715,"url":"https:\/\/retrotorque.com\/in-gear\/tools-equipment\/wp-content\/uploads\/sites\/7\/93426a999fdb12798e48bf2fc7072a4b.png","type":"image\/png"}],"twitter_card":"summary_large_image","twitter_site":"@RetroTorque","twitter_misc":{"Price":"&pound;892.95","Availability":"In stock"},"schema":{"@context":"https:\/\/schema.org","@graph":[{"@type":"WebPage","@id":"https:\/\/retrotorque.com\/in-gear\/tools-equipment\/product\/great-deals-diy-professional\/automotive-tools\/lubrication-drainage\/oil-drainers-lubrication-drainage\/sealey-ak466d-oil-drainer-mobile-240v\/","url":"https:\/\/retrotorque.com\/in-gear\/tools-equipment\/product\/great-deals-diy-professional\/automotive-tools\/lubrication-drainage\/oil-drainers-lubrication-drainage\/sealey-ak466d-oil-drainer-mobile-240v\/","name":"Sealey AK466D Oil Drainer Mobile 240v &#8211; RetroTorque: Tools & Equipment","isPartOf":{"@id":"https:\/\/retrotorque.com\/in-gear\/tools-equipment\/#website"},"datePublished":"2022-11-20T15:17:36+00:00","dateModified":"2022-11-20T15:17:37+00:00","breadcrumb":{"@id":"https:\/\/retrotorque.com\/in-gear\/tools-equipment\/product\/great-deals-diy-professional\/automotive-tools\/lubrication-drainage\/oil-drainers-lubrication-drainage\/sealey-ak466d-oil-drainer-mobile-240v\/#breadcrumb"},"inLanguage":"en-US","potentialAction":[{"@type":"ReadAction","target":["https:\/\/retrotorque.com\/in-gear\/tools-equipment\/product\/great-deals-diy-professional\/automotive-tools\/lubrication-drainage\/oil-drainers-lubrication-drainage\/sealey-ak466d-oil-drainer-mobile-240v\/"]}]},{"@type":"BreadcrumbList","@id":"https:\/\/retrotorque.com\/in-gear\/tools-equipment\/product\/great-deals-diy-professional\/automotive-tools\/lubrication-drainage\/oil-drainers-lubrication-drainage\/sealey-ak466d-oil-drainer-mobile-240v\/#breadcrumb","itemListElement":[{"@type":"ListItem","position":1,"name":"Home","item":"https:\/\/retrotorque.com\/in-gear\/tools-equipment\/"},{"@type":"ListItem","position":2,"name":"Shop","item":"https:\/\/retrotorque.com\/in-gear\/tools-equipment\/"},{"@type":"ListItem","position":3,"name":"Sealey AK466D Oil Drainer Mobile 240v"}]},{"@type":"WebSite","@id":"https:\/\/retrotorque.com\/in-gear\/tools-equipment\/#website","url":"https:\/\/retrotorque.com\/in-gear\/tools-equipment\/","name":"RetroToque Tools & Equipment","description":"RetroTorque In-Gear","publisher":{"@id":"https:\/\/retrotorque.com\/in-gear\/tools-equipment\/#organization"},"potentialAction":[{"@type":"SearchAction","target":{"@type":"EntryPoint","urlTemplate":"https:\/\/retrotorque.com\/in-gear\/tools-equipment\/?s={search_term_string}"},"query-input":{"@type":"PropertyValueSpecification","valueRequired":true,"valueName":"search_term_string"}}],"inLanguage":"en-US"},{"@type":"Organization","@id":"https:\/\/retrotorque.com\/in-gear\/tools-equipment\/#organization","name":"RetroTorque Tools & Equipment","url":"https:\/\/retrotorque.com\/in-gear\/tools-equipment\/","logo":{"@type":"ImageObject","inLanguage":"en-US","@id":"https:\/\/retrotorque.com\/in-gear\/tools-equipment\/#\/schema\/logo\/image\/","url":"https:\/\/retrotorque.com\/in-gear\/tools-equipment\/wp-content\/uploads\/sites\/7\/93426a999fdb12798e48bf2fc7072a4b.png","contentUrl":"https:\/\/retrotorque.com\/in-gear\/tools-equipment\/wp-content\/uploads\/sites\/7\/93426a999fdb12798e48bf2fc7072a4b.png","width":1480,"height":715,"caption":"RetroTorque Tools & Equipment"},"image":{"@id":"https:\/\/retrotorque.com\/in-gear\/tools-equipment\/#\/schema\/logo\/image\/"},"sameAs":["https:\/\/facebook.com\/RetroTorque","https:\/\/x.com\/RetroTorque"]}]},"product_brand":"Sealey","product_price_amount":"892.95","product_price_currency":"GBP","og_availability":"instock","product_availability":"instock","product_condition":"new"},"_links":{"self":[{"href":"https:\/\/retrotorque.com\/in-gear\/tools-equipment\/wp-json\/wp\/v2\/product\/96416"}],"collection":[{"href":"https:\/\/retrotorque.com\/in-gear\/tools-equipment\/wp-json\/wp\/v2\/product"}],"about":[{"href":"https:\/\/retrotorque.com\/in-gear\/tools-equipment\/wp-json\/wp\/v2\/types\/product"}],"replies":[{"embeddable":true,"href":"https:\/\/retrotorque.com\/in-gear\/tools-equipment\/wp-json\/wp\/v2\/comments?post=96416"}],"version-history":[{"count":0,"href":"https:\/\/retrotorque.com\/in-gear\/tools-equipment\/wp-json\/wp\/v2\/product\/96416\/revisions"}],"wp:attachment":[{"href":"https:\/\/retrotorque.com\/in-gear\/tools-equipment\/wp-json\/wp\/v2\/media?parent=96416"}],"wp:term":[{"taxonomy":"product_brand","embeddable":true,"href":"https:\/\/retrotorque.com\/in-gear\/tools-equipment\/wp-json\/wp\/v2\/product_brand?post=96416"},{"taxonomy":"product_cat","embeddable":true,"href":"https:\/\/retrotorque.com\/in-gear\/tools-equipment\/wp-json\/wp\/v2\/product_cat?post=96416"},{"taxonomy":"product_tag","embeddable":true,"href":"https:\/\/retrotorque.com\/in-gear\/tools-equipment\/wp-json\/wp\/v2\/product_tag?post=96416"}],"curies":[{"name":"wp","href":"https:\/\/api.w.org\/{rel}","templated":true}]}}